{"id":925,"date":"2026-02-10T18:19:43","date_gmt":"2026-02-10T15:19:43","guid":{"rendered":"https:\/\/caliskanhafriyat.com\/?page_id=925"},"modified":"2026-02-10T18:37:54","modified_gmt":"2026-02-10T15:37:54","slug":"is-makinesi-kiralama","status":"publish","type":"page","link":"https:\/\/caliskanhafriyat.com\/?page_id=925","title":{"rendered":"\u0130\u015f Makinesi Kiralama"},"content":{"rendered":"\t\t<div data-elementor-type=\"wp-page\" data-elementor-id=\"925\" class=\"elementor elementor-925\">\n\t\t\t\t\t\t<section class=\"elementor-section elementor-top-section elementor-element elementor-element-1c3da21 elementor-section-height-min-height elementor-section-boxed elementor-section-height-default elementor-section-items-middle wpr-particle-no wpr-jarallax-no wpr-parallax-no wpr-sticky-section-no\" data-id=\"1c3da21\" data-element_type=\"section\" data-e-type=\"section\" data-settings=\"{&quot;background_background&quot;:&quot;classic&quot;,&quot;shape_divider_bottom&quot;:&quot;tilt&quot;}\">\n\t\t\t\t\t\t\t<div class=\"elementor-background-overlay\"><\/div>\n\t\t\t\t\t\t<div class=\"elementor-shape elementor-shape-bottom\" aria-hidden=\"true\" data-negative=\"false\">\n\t\t\t<svg xmlns=\"http:\/\/www.w3.org\/2000\/svg\" viewBox=\"0 0 1000 100\" preserveAspectRatio=\"none\">\n\t<path class=\"elementor-shape-fill\" d=\"M0,6V0h1000v100L0,6z\"\/>\n<\/svg>\t\t<\/div>\n\t\t\t\t\t<div class=\"elementor-container elementor-column-gap-default\">\n\t\t\t\t\t<div class=\"elementor-column elementor-col-100 elementor-top-column elementor-element elementor-element-cea4cfc\" data-id=\"cea4cfc\" data-element_type=\"column\" data-e-type=\"column\">\n\t\t\t<div class=\"elementor-widget-wrap elementor-element-populated\">\n\t\t\t\t\t\t<div class=\"elementor-element elementor-element-a8d73c0 elementor-widget elementor-widget-heading\" data-id=\"a8d73c0\" data-element_type=\"widget\" data-e-type=\"widget\" data-widget_type=\"heading.default\">\n\t\t\t\t\t<h2 class=\"elementor-heading-title elementor-size-default\">H\u0130ZMETLER\u0130M\u0130Z<\/h2>\t\t\t\t<\/div>\n\t\t\t\t\t<\/div>\n\t\t<\/div>\n\t\t\t\t\t<\/div>\n\t\t<\/section>\n\t\t\t\t<section class=\"elementor-section elementor-top-section elementor-element elementor-element-fc80685 elementor-section-boxed elementor-section-height-default elementor-section-height-default wpr-particle-no wpr-jarallax-no wpr-parallax-no wpr-sticky-section-no\" data-id=\"fc80685\" data-element_type=\"section\" data-e-type=\"section\">\n\t\t\t\t\t\t<div class=\"elementor-container elementor-column-gap-default\">\n\t\t\t\t\t<div class=\"elementor-column elementor-col-50 elementor-top-column elementor-element elementor-element-12166b3 elementor-invisible\" data-id=\"12166b3\" data-element_type=\"column\" data-e-type=\"column\" data-settings=\"{&quot;animation&quot;:&quot;fadeInLeft&quot;}\">\n\t\t\t<div class=\"elementor-widget-wrap elementor-element-populated\">\n\t\t\t\t\t\t<div class=\"elementor-element elementor-element-2391b41 elementor-widget elementor-widget-heading\" data-id=\"2391b41\" data-element_type=\"widget\" data-e-type=\"widget\" data-widget_type=\"heading.default\">\n\t\t\t\t\t<h2 class=\"elementor-heading-title elementor-size-default\">\u00c7ALI\u015eKAN HAFR\u0130YAT<\/h2>\t\t\t\t<\/div>\n\t\t\t\t<div class=\"elementor-element elementor-element-febc841 elementor-widget elementor-widget-heading\" data-id=\"febc841\" data-element_type=\"widget\" data-e-type=\"widget\" data-widget_type=\"heading.default\">\n\t\t\t\t\t<h2 class=\"elementor-heading-title elementor-size-default\">\u0130\u015f Makinesi Kiralama<\/h2>\t\t\t\t<\/div>\n\t\t\t\t<div class=\"elementor-element elementor-element-c964601 elementor-widget elementor-widget-text-editor\" data-id=\"c964601\" data-element_type=\"widget\" data-e-type=\"widget\" data-widget_type=\"text-editor.default\">\n\t\t\t\t\t\t\t\t\t<p>\u0130htiyaca uygun i\u015f makinelerini, bak\u0131ml\u0131 ve \u00e7al\u0131\u015fmaya haz\u0131r \u015fekilde operat\u00f6rl\u00fc veya operat\u00f6rs\u00fcz olarak kiralama hizmeti sunuyoruz. Proje s\u00fcresine ve saha \u015fartlar\u0131na uygun \u00e7\u00f6z\u00fcmlerle, firmalar\u0131n ekipman ihtiyac\u0131n\u0131 h\u0131zl\u0131 ve g\u00fcvenilir \u015fekilde kar\u015f\u0131l\u0131yoruz. Modern makine parkurumuz sayesinde farkl\u0131 \u00f6l\u00e7ek ve nitelikteki projelere esnek destek sa\u011fl\u0131yoruz.<\/p>\t\t\t\t\t\t\t\t<\/div>\n\t\t\t\t<section class=\"elementor-section elementor-inner-section elementor-element elementor-element-e85caa3 elementor-section-boxed elementor-section-height-default elementor-section-height-default wpr-particle-no wpr-jarallax-no wpr-parallax-no wpr-sticky-section-no\" data-id=\"e85caa3\" data-element_type=\"section\" data-e-type=\"section\">\n\t\t\t\t\t\t<div class=\"elementor-container elementor-column-gap-default\">\n\t\t\t\t\t<div class=\"elementor-column elementor-col-100 elementor-inner-column elementor-element elementor-element-b71eba9\" data-id=\"b71eba9\" data-element_type=\"column\" data-e-type=\"column\">\n\t\t\t<div class=\"elementor-widget-wrap elementor-element-populated\">\n\t\t\t\t\t\t<div class=\"elementor-element elementor-element-78795d6 elementor-widget elementor-widget-image\" data-id=\"78795d6\" data-element_type=\"widget\" data-e-type=\"widget\" data-widget_type=\"image.default\">\n\t\t\t\t\t\t\t\t\t\t\t\t\t\t\t<img fetchpriority=\"high\" decoding=\"async\" width=\"960\" height=\"231\" src=\"https:\/\/caliskanhafriyat.com\/wp-content\/uploads\/2023\/01\/1-1024x246.png\" class=\"attachment-large size-large wp-image-808\" alt=\"\" srcset=\"https:\/\/caliskanhafriyat.com\/wp-content\/uploads\/2023\/01\/1-1024x246.png 1024w, https:\/\/caliskanhafriyat.com\/wp-content\/uploads\/2023\/01\/1-300x72.png 300w, https:\/\/caliskanhafriyat.com\/wp-content\/uploads\/2023\/01\/1-768x185.png 768w, https:\/\/caliskanhafriyat.com\/wp-content\/uploads\/2023\/01\/1-1536x369.png 1536w, https:\/\/caliskanhafriyat.com\/wp-content\/uploads\/2023\/01\/1-2048x492.png 2048w\" sizes=\"(max-width: 960px) 100vw, 960px\" \/>\t\t\t\t\t\t\t\t\t\t\t\t\t\t\t<\/div>\n\t\t\t\t\t<\/div>\n\t\t<\/div>\n\t\t\t\t\t<\/div>\n\t\t<\/section>\n\t\t\t\t\t<\/div>\n\t\t<\/div>\n\t\t\t\t<div class=\"elementor-column elementor-col-50 elementor-top-column elementor-element elementor-element-a5df9c5 elementor-invisible\" data-id=\"a5df9c5\" data-element_type=\"column\" data-e-type=\"column\" data-settings=\"{&quot;animation&quot;:&quot;fadeInRight&quot;}\">\n\t\t\t<div class=\"elementor-widget-wrap elementor-element-populated\">\n\t\t\t\t\t\t<div class=\"elementor-element elementor-element-db363a4 elementor-widget elementor-widget-image\" data-id=\"db363a4\" data-element_type=\"widget\" data-e-type=\"widget\" data-widget_type=\"image.default\">\n\t\t\t\t\t\t\t\t\t\t\t\t\t\t\t<img decoding=\"async\" width=\"960\" height=\"540\" src=\"https:\/\/caliskanhafriyat.com\/wp-content\/uploads\/2026\/02\/WhatsApp-Image-2026-02-06-at-16.30.52-1-1024x576.jpeg\" class=\"attachment-large size-large wp-image-980\" alt=\"\" srcset=\"https:\/\/caliskanhafriyat.com\/wp-content\/uploads\/2026\/02\/WhatsApp-Image-2026-02-06-at-16.30.52-1-1024x576.jpeg 1024w, https:\/\/caliskanhafriyat.com\/wp-content\/uploads\/2026\/02\/WhatsApp-Image-2026-02-06-at-16.30.52-1-300x169.jpeg 300w, https:\/\/caliskanhafriyat.com\/wp-content\/uploads\/2026\/02\/WhatsApp-Image-2026-02-06-at-16.30.52-1-768x432.jpeg 768w, https:\/\/caliskanhafriyat.com\/wp-content\/uploads\/2026\/02\/WhatsApp-Image-2026-02-06-at-16.30.52-1-1536x864.jpeg 1536w, https:\/\/caliskanhafriyat.com\/wp-content\/uploads\/2026\/02\/WhatsApp-Image-2026-02-06-at-16.30.52-1.jpeg 1600w\" sizes=\"(max-width: 960px) 100vw, 960px\" \/>\t\t\t\t\t\t\t\t\t\t\t\t\t\t\t<\/div>\n\t\t\t\t\t<\/div>\n\t\t<\/div>\n\t\t\t\t\t<\/div>\n\t\t<\/section>\n\t\t\t\t<section class=\"elementor-section elementor-top-section elementor-element elementor-element-2e08c11 elementor-section-boxed elementor-section-height-default elementor-section-height-default wpr-particle-no wpr-jarallax-no wpr-parallax-no wpr-sticky-section-no elementor-invisible\" data-id=\"2e08c11\" data-element_type=\"section\" data-e-type=\"section\" data-settings=\"{&quot;background_background&quot;:&quot;gradient&quot;,&quot;shape_divider_top&quot;:&quot;tilt&quot;,&quot;shape_divider_bottom&quot;:&quot;tilt&quot;,&quot;animation&quot;:&quot;fadeInUp&quot;}\">\n\t\t\t\t\t\t\t<div class=\"elementor-background-overlay\"><\/div>\n\t\t\t\t\t\t<div class=\"elementor-shape elementor-shape-top\" aria-hidden=\"true\" data-negative=\"false\">\n\t\t\t<svg xmlns=\"http:\/\/www.w3.org\/2000\/svg\" viewBox=\"0 0 1000 100\" preserveAspectRatio=\"none\">\n\t<path class=\"elementor-shape-fill\" d=\"M0,6V0h1000v100L0,6z\"\/>\n<\/svg>\t\t<\/div>\n\t\t\t\t<div class=\"elementor-shape elementor-shape-bottom\" aria-hidden=\"true\" data-negative=\"false\">\n\t\t\t<svg xmlns=\"http:\/\/www.w3.org\/2000\/svg\" viewBox=\"0 0 1000 100\" preserveAspectRatio=\"none\">\n\t<path class=\"elementor-shape-fill\" d=\"M0,6V0h1000v100L0,6z\"\/>\n<\/svg>\t\t<\/div>\n\t\t\t\t\t<div class=\"elementor-container elementor-column-gap-default\">\n\t\t\t\t\t<div class=\"elementor-column elementor-col-100 elementor-top-column elementor-element elementor-element-df385a2\" data-id=\"df385a2\" data-element_type=\"column\" data-e-type=\"column\">\n\t\t\t<div class=\"elementor-widget-wrap elementor-element-populated\">\n\t\t\t\t\t\t<div class=\"elementor-element elementor-element-f195018 elementor-widget elementor-widget-heading\" data-id=\"f195018\" data-element_type=\"widget\" data-e-type=\"widget\" data-widget_type=\"heading.default\">\n\t\t\t\t\t<h2 class=\"elementor-heading-title elementor-size-default\">G\u00fcvenle Ba\u015flad\u0131, G\u00fc\u00e7lenerek B\u00fcy\u00fcyor.<\/h2>\t\t\t\t<\/div>\n\t\t\t\t<div class=\"elementor-element elementor-element-6810bd6 elementor-widget elementor-widget-text-editor\" data-id=\"6810bd6\" data-element_type=\"widget\" data-e-type=\"widget\" data-widget_type=\"text-editor.default\">\n\t\t\t\t\t\t\t\t\t<p data-start=\"212\" data-end=\"393\">2000 y\u0131l\u0131ndan bu yana \u00c7al\u0131\u015fkan Hafriyat, tecr\u00fcbe, g\u00fc\u00e7l\u00fc ekipman ve sahadaki uygulama bilgisiyle her ad\u0131mda b\u00fcy\u00fcyen, g\u00fcvenilir projelere imza atan bir marka yolculu\u011fu s\u00fcrd\u00fcrmektedir.<\/p>\t\t\t\t\t\t\t\t<\/div>\n\t\t\t\t<div class=\"elementor-element elementor-element-131ba2c wpr-list-style-none elementor-invisible elementor-widget elementor-widget-wpr-posts-timeline\" data-id=\"131ba2c\" data-element_type=\"widget\" data-e-type=\"widget\" data-settings=\"{&quot;_animation&quot;:&quot;fadeIn&quot;,&quot;animation_offset&quot;:150,&quot;aos_animation_duration&quot;:600}\" data-widget_type=\"wpr-posts-timeline.default\">\n\t\t\t\t\t\n\t\t<div class=\"wpr-wrapper wpr-vertical wpr-centered\">\n\t\t\t<div class=\"wpr-timeline-centered wpr-line wpr-both-sided-timeline\"><div class=\"wpr-middle-line\"><\/div><div class=\"wpr-timeline-fill\" data-layout=\"centered\"><\/div><article class=\"wpr-timeline-entry wpr-left-aligned elementor-repeater-item-9fbd2c9\" data-item-id=\"elementor-repeater-item-9fbd2c9\"><time class=\"wpr-extra-label\" data-aos=\"fade\" data-aos-left=\"\" data-aos-right=\"\" data-animation-offset=\"150\" data-animation-duration=\"600\"><span class=\"wpr-label\">2000<\/span><span class=\"wpr-sub-label\">T\u00fcrkiye<\/span><\/time><div class=\"wpr-timeline-entry-inner\"><div class=\"wpr-main-line-icon wpr-icon\"><svg aria-hidden=\"true\" class=\"e-font-icon-svg e-far-check-circle\" viewBox=\"0 0 512 512\" xmlns=\"http:\/\/www.w3.org\/2000\/svg\"><path d=\"M256 8C119.033 8 8 119.033 8 256s111.033 248 248 248 248-111.033 248-248S392.967 8 256 8zm0 48c110.532 0 200 89.451 200 200 0 110.532-89.451 200-200 200-110.532 0-200-89.451-200-200 0-110.532 89.451-200 200-200m140.204 130.267l-22.536-22.718c-4.667-4.705-12.265-4.736-16.97-.068L215.346 303.697l-59.792-60.277c-4.667-4.705-12.265-4.736-16.97-.069l-22.719 22.536c-4.705 4.667-4.736 12.265-.068 16.971l90.781 91.516c4.667 4.705 12.265 4.736 16.97.068l172.589-171.204c4.704-4.668 4.734-12.266.067-16.971z\"><\/path><\/svg><\/div><div class=\"wpr-story-info-vertical wpr-data-wrap \"  data-aos=\"fade\" data-aos-left=\"\" data-aos-right=\"\" data-animation-offset=\"150\" data-animation-duration=\"600\"><div class=\"wpr-timeline-content-wrapper\"><div class=\"wpr-content-wrapper\"><div class=\"wpr-title-wrap\"><span class=\"wpr-title\">Kurulu\u015f ve \u0130lk Ad\u0131mlar<\/span><\/div><div class=\"wpr-description\"><p>Hafriyat ve altyap\u0131 alan\u0131nda faaliyetlere ba\u015flanarak sekt\u00f6re g\u00fc\u00e7l\u00fc bir giri\u015f yap\u0131ld\u0131.<\/p><\/div><\/div><\/div><\/div>\n\t\t\t\t\t\t<\/div>\n\t\t\t\t<\/article><article class=\"wpr-timeline-entry wpr-right-aligned elementor-repeater-item-be080f4\" data-item-id=\"elementor-repeater-item-be080f4\"><time class=\"wpr-extra-label\" data-aos=\"fade\" data-aos-left=\"\" data-aos-right=\"\" data-animation-offset=\"150\" data-animation-duration=\"600\"><span class=\"wpr-label\">2008<\/span><span class=\"wpr-sub-label\">Ege B\u00f6lgesi<\/span><\/time><div class=\"wpr-timeline-entry-inner\"><div class=\"wpr-main-line-icon wpr-icon\"><svg aria-hidden=\"true\" class=\"e-font-icon-svg e-far-check-circle\" viewBox=\"0 0 512 512\" xmlns=\"http:\/\/www.w3.org\/2000\/svg\"><path d=\"M256 8C119.033 8 8 119.033 8 256s111.033 248 248 248 248-111.033 248-248S392.967 8 256 8zm0 48c110.532 0 200 89.451 200 200 0 110.532-89.451 200-200 200-110.532 0-200-89.451-200-200 0-110.532 89.451-200 200-200m140.204 130.267l-22.536-22.718c-4.667-4.705-12.265-4.736-16.97-.068L215.346 303.697l-59.792-60.277c-4.667-4.705-12.265-4.736-16.97-.069l-22.719 22.536c-4.705 4.667-4.736 12.265-.068 16.971l90.781 91.516c4.667 4.705 12.265 4.736 16.97.068l172.589-171.204c4.704-4.668 4.734-12.266.067-16.971z\"><\/path><\/svg><\/div><div class=\"wpr-story-info-vertical wpr-data-wrap \"  data-aos=\"fade\" data-aos-left=\"\" data-aos-right=\"\" data-animation-offset=\"150\" data-animation-duration=\"600\"><div class=\"wpr-timeline-content-wrapper\"><div class=\"wpr-content-wrapper\"><div class=\"wpr-title-wrap\"><span class=\"wpr-title\">Ara\u00e7 Park\u0131 G\u00fc\u00e7leniyor<\/span><\/div><div class=\"wpr-description\"><p>Makine park\u0131 geni\u015fletildi, b\u00fcy\u00fck \u00f6l\u00e7ekli kaz\u0131 ve y\u0131k\u0131m projeleri \u00fcstlenildi.<\/p><\/div><\/div><\/div><\/div>\n\t\t\t\t\t\t<\/div>\n\t\t\t\t<\/article><article class=\"wpr-timeline-entry wpr-left-aligned elementor-repeater-item-4e8cd98\" data-item-id=\"elementor-repeater-item-4e8cd98\"><time class=\"wpr-extra-label\" data-aos=\"fade\" data-aos-left=\"\" data-aos-right=\"\" data-animation-offset=\"150\" data-animation-duration=\"600\"><span class=\"wpr-label\">2015<\/span><span class=\"wpr-sub-label\">T\u00fcrkiye Geneli<\/span><\/time><div class=\"wpr-timeline-entry-inner\"><div class=\"wpr-main-line-icon wpr-icon\"><svg aria-hidden=\"true\" class=\"e-font-icon-svg e-far-check-circle\" viewBox=\"0 0 512 512\" xmlns=\"http:\/\/www.w3.org\/2000\/svg\"><path d=\"M256 8C119.033 8 8 119.033 8 256s111.033 248 248 248 248-111.033 248-248S392.967 8 256 8zm0 48c110.532 0 200 89.451 200 200 0 110.532-89.451 200-200 200-110.532 0-200-89.451-200-200 0-110.532 89.451-200 200-200m140.204 130.267l-22.536-22.718c-4.667-4.705-12.265-4.736-16.97-.068L215.346 303.697l-59.792-60.277c-4.667-4.705-12.265-4.736-16.97-.069l-22.719 22.536c-4.705 4.667-4.736 12.265-.068 16.971l90.781 91.516c4.667 4.705 12.265 4.736 16.97.068l172.589-171.204c4.704-4.668 4.734-12.266.067-16.971z\"><\/path><\/svg><\/div><div class=\"wpr-story-info-vertical wpr-data-wrap \"  data-aos=\"fade\" data-aos-left=\"\" data-aos-right=\"\" data-animation-offset=\"150\" data-animation-duration=\"600\"><div class=\"wpr-timeline-content-wrapper\"><div class=\"wpr-content-wrapper\"><div class=\"wpr-title-wrap\"><span class=\"wpr-title\">Enerji Projeleri D\u00f6nemi<\/span><\/div><div class=\"wpr-description\"><p>RES ve GES projelerinde aktif rol al\u0131narak ulusal referanslar olu\u015fturuldu.<\/p><\/div><\/div><\/div><\/div>\n\t\t\t\t\t\t<\/div>\n\t\t\t\t<\/article><article class=\"wpr-timeline-entry wpr-right-aligned elementor-repeater-item-355fb15\" data-item-id=\"elementor-repeater-item-355fb15\"><time class=\"wpr-extra-label\" data-aos=\"fade\" data-aos-left=\"\" data-aos-right=\"\" data-animation-offset=\"150\" data-animation-duration=\"600\"><span class=\"wpr-label\">2020 \u2013 G\u00fcn\u00fcm\u00fcz <\/span><span class=\"wpr-sub-label\">T\u00fcrkiye Geneli<\/span><\/time><div class=\"wpr-timeline-entry-inner\"><div class=\"wpr-main-line-icon wpr-icon\"><svg aria-hidden=\"true\" class=\"e-font-icon-svg e-far-check-circle\" viewBox=\"0 0 512 512\" xmlns=\"http:\/\/www.w3.org\/2000\/svg\"><path d=\"M256 8C119.033 8 8 119.033 8 256s111.033 248 248 248 248-111.033 248-248S392.967 8 256 8zm0 48c110.532 0 200 89.451 200 200 0 110.532-89.451 200-200 200-110.532 0-200-89.451-200-200 0-110.532 89.451-200 200-200m140.204 130.267l-22.536-22.718c-4.667-4.705-12.265-4.736-16.97-.068L215.346 303.697l-59.792-60.277c-4.667-4.705-12.265-4.736-16.97-.069l-22.719 22.536c-4.705 4.667-4.736 12.265-.068 16.971l90.781 91.516c4.667 4.705 12.265 4.736 16.97.068l172.589-171.204c4.704-4.668 4.734-12.266.067-16.971z\"><\/path><\/svg><\/div><div class=\"wpr-story-info-vertical wpr-data-wrap \"  data-aos=\"fade\" data-aos-left=\"\" data-aos-right=\"\" data-animation-offset=\"150\" data-animation-duration=\"600\"><div class=\"wpr-timeline-content-wrapper\"><div class=\"wpr-content-wrapper\"><div class=\"wpr-title-wrap\"><span class=\"wpr-title\">B\u00fcy\u00fck Altyap\u0131 Projeleri<\/span><\/div><div class=\"wpr-description\"><p>Otoyol, kamu ve end\u00fcstriyel projelerde g\u00fcvenilir \u00e7\u00f6z\u00fcm orta\u011f\u0131 olundu.<\/p><\/div><\/div><\/div><\/div>\n\t\t\t\t\t\t<\/div>\n\t\t\t\t<\/article><\/div>    \n\t\t\t<\/div>\t\t\t\t<\/div>\n\t\t\t\t\t<\/div>\n\t\t<\/div>\n\t\t\t\t\t<\/div>\n\t\t<\/section>\n\t\t\t\t<\/div>\n\t\t","protected":false},"excerpt":{"rendered":"<p>H\u0130ZMETLER\u0130M\u0130Z \u00c7ALI\u015eKAN HAFR\u0130YAT \u0130\u015f Makinesi Kiralama \u0130htiyaca uygun i\u015f makinelerini, bak\u0131ml\u0131 ve \u00e7al\u0131\u015fmaya haz\u0131r \u015fekilde operat\u00f6rl\u00fc veya operat\u00f6rs\u00fcz olarak kiralama hizmeti sunuyoruz. Proje s\u00fcresine ve saha \u015fartlar\u0131na uygun \u00e7\u00f6z\u00fcmlerle, firmalar\u0131n ekipman ihtiyac\u0131n\u0131 h\u0131zl\u0131 ve g\u00fcvenilir \u015fekilde kar\u015f\u0131l\u0131yoruz. Modern makine parkurumuz sayesinde farkl\u0131 \u00f6l\u00e7ek ve nitelikteki projelere esnek destek sa\u011fl\u0131yoruz. G\u00fcvenle Ba\u015flad\u0131, G\u00fc\u00e7lenerek B\u00fcy\u00fcyor. 2000 y\u0131l\u0131ndan bu yana \u00c7al\u0131\u015fkan Hafriyat, tecr\u00fcbe, g\u00fc\u00e7l\u00fc ekipman ve sahadaki uygulama bilgisiyle her ad\u0131mda b\u00fcy\u00fcyen, g\u00fcvenilir projelere imza atan bir marka yolculu\u011fu s\u00fcrd\u00fcrmektedir. 2000T\u00fcrkiyeKurulu\u015f ve \u0130lk Ad\u0131mlar Hafriyat ve altyap\u0131 alan\u0131nda faaliyetlere ba\u015flanarak sekt\u00f6re g\u00fc\u00e7l\u00fc bir giri\u015f yap\u0131ld\u0131. 2008Ege B\u00f6lgesiAra\u00e7 Park\u0131 G\u00fc\u00e7leniyor Makine park\u0131 geni\u015fletildi, b\u00fcy\u00fck \u00f6l\u00e7ekli kaz\u0131 ve y\u0131k\u0131m projeleri \u00fcstlenildi. 2015T\u00fcrkiye GeneliEnerji Projeleri D\u00f6nemi RES ve GES projelerinde aktif rol al\u0131narak ulusal referanslar olu\u015fturuldu. 2020 \u2013 G\u00fcn\u00fcm\u00fcz T\u00fcrkiye GeneliB\u00fcy\u00fck Altyap\u0131 Projeleri Otoyol, kamu ve end\u00fcstriyel projelerde g\u00fcvenilir \u00e7\u00f6z\u00fcm orta\u011f\u0131 olundu.<\/p>\n","protected":false},"author":1,"featured_media":0,"parent":0,"menu_order":0,"comment_status":"closed","ping_status":"closed","template":"elementor_canvas","meta":{"footnotes":""},"class_list":["post-925","page","type-page","status-publish","hentry"],"_links":{"self":[{"href":"https:\/\/caliskanhafriyat.com\/index.php?rest_route=\/wp\/v2\/pages\/925","targetHints":{"allow":["GET"]}}],"collection":[{"href":"https:\/\/caliskanhafriyat.com\/index.php?rest_route=\/wp\/v2\/pages"}],"about":[{"href":"https:\/\/caliskanhafriyat.com\/index.php?rest_route=\/wp\/v2\/types\/page"}],"author":[{"embeddable":true,"href":"https:\/\/caliskanhafriyat.com\/index.php?rest_route=\/wp\/v2\/users\/1"}],"replies":[{"embeddable":true,"href":"https:\/\/caliskanhafriyat.com\/index.php?rest_route=%2Fwp%2Fv2%2Fcomments&post=925"}],"version-history":[{"count":4,"href":"https:\/\/caliskanhafriyat.com\/index.php?rest_route=\/wp\/v2\/pages\/925\/revisions"}],"predecessor-version":[{"id":983,"href":"https:\/\/caliskanhafriyat.com\/index.php?rest_route=\/wp\/v2\/pages\/925\/revisions\/983"}],"wp:attachment":[{"href":"https:\/\/caliskanhafriyat.com\/index.php?rest_route=%2Fwp%2Fv2%2Fmedia&parent=925"}],"curies":[{"name":"wp","href":"https:\/\/api.w.org\/{rel}","templated":true}]}}